{"id":131,"date":"2015-12-31T19:06:05","date_gmt":"2015-12-31T18:06:05","guid":{"rendered":"http:\/\/rothamel-online.de\/karateclub-immelborn\/wordpress\/?page_id=131"},"modified":"2016-01-01T20:58:16","modified_gmt":"2016-01-01T19:58:16","slug":"startseite","status":"publish","type":"page","link":"https:\/\/rothamel-online.de\/karateclub-immelborn\/wordpress\/","title":{"rendered":"Unser Verein"},"content":{"rendered":"<p style=\"text-align: justify;\"><a href=\"http:\/\/rothamel-online.de\/karateclub-immelborn\/wordpress\/wp-content\/uploads\/2015\/11\/gruppekarate1.jpg\"><img loading=\"lazy\" decoding=\"async\" class=\"wp-image-8 alignright\" src=\"http:\/\/rothamel-online.de\/karateclub-immelborn\/wordpress\/wp-content\/uploads\/2015\/11\/gruppekarate1-300x160.jpg\" alt=\"gruppekarate1\" width=\"435\" height=\"232\" srcset=\"https:\/\/rothamel-online.de\/karateclub-immelborn\/wordpress\/wp-content\/uploads\/2015\/11\/gruppekarate1-300x160.jpg 300w, https:\/\/rothamel-online.de\/karateclub-immelborn\/wordpress\/wp-content\/uploads\/2015\/11\/gruppekarate1.jpg 800w\" sizes=\"(max-width: 435px) 100vw, 435px\" \/><\/a>Unser Verein wurde im Jahr 2002 mit 21 Mitgliedern auf Initiative von Besim Syla (2. Dan) gegr\u00fcndet. Heute haben wir \u00fcber 30 Mitglieder im Alter von 6 bis 54 Jahren. Ziel ist das Erlernen der hohen asiatischen Kampfkunst des Karate.<\/p>\n<p style=\"text-align: justify;\"><strong>Doch was versteht man eigentlich unter Karate?<\/strong><br \/>\nDie \u00dcbersetzung von Karate gibt schon einen Hinweis auf die Sportart. Karate bedeutet \u2013 der Weg der leeren Hand \u2013 und beschreibt den waffenlosen Nahkampfstil damit treffend. Bei dieser Kampfkunst wird der K\u00f6rper so trainiert, dass Arme und Beine zur Selbstverteidigung eine mit Waffen vergleichbare Schlagkraft entwickeln. Dazu werden Schlag-, Sto\u00df-, Tritt- und Blocktechniken erlernt, aber auch Hebel, W\u00fcrfe und so genannte Feger mit dem Bein k\u00f6nnen zum Einsatz kommen.<br \/>\nOberstes Ziel in der Kunst des Karate ist weder Sieg noch Niederlage, sondern die Entwicklung des Charakters der K\u00e4mpfer.<\/p>\n<p style=\"text-align: justify;\">Es ist heute schwer nachzuvollziehen, woher genau die urspr\u00fcnglichen Bewegungen und Formen des Karate stammen, da die \u00dcberlieferungen die unterschiedlichsten Geschichten erz\u00e4hlen. Die Urspr\u00fcnge des Karate gehen teilweise zur\u00fcck ins 6. Jahrhundert n. Chr., als der buddhistischen M\u00f6nch Bodhidharma, auch bekannt als Ta Mo, eine gef\u00e4hrliche Reise von Indien zu den Shaolin-Tempel im s\u00fcdlichen Zentralchina unternahm.<\/p>\n<p style=\"text-align: justify;\">Karate in seiner heutigen Form entwickelte sich vor allem auf der Insel Okinawa. Shotokan-Karate ist die am weitesten verbreitete Stilrichtung im Karate-Do. Charakteristisch f\u00fcr diese Stilrichtung ist ein tiefer und damit fester Stand: Der Begr\u00fcnder des modernen Karate war Professor Gichin Funakoshi. Sportliche Wettk\u00e4mpfe sowohl in den Formen (Kata) als auch im Zweikampf (Kumite) finden auf regionaler und nationaler Ebene statt; es gibt auch Weltmeisterschaften. Dar\u00fcber hinaus stellt Karate ein wichtiges Konditionstraining f\u00fcr Nicht-Wettk\u00e4mpfer beider Geschlechter und aller Altersklassen dar.<a href=\"http:\/\/rothamel-online.de\/karateclub-immelborn\/wordpress\/wp-content\/uploads\/2015\/11\/pic1388675562.jpg\"><img loading=\"lazy\" decoding=\"async\" class=\" wp-image-35 aligncenter\" src=\"http:\/\/rothamel-online.de\/karateclub-immelborn\/wordpress\/wp-content\/uploads\/2015\/11\/pic1388675562-300x225.jpg\" alt=\"pic1388675562\" width=\"477\" height=\"358\" srcset=\"https:\/\/rothamel-online.de\/karateclub-immelborn\/wordpress\/wp-content\/uploads\/2015\/11\/pic1388675562-300x225.jpg 300w, https:\/\/rothamel-online.de\/karateclub-immelborn\/wordpress\/wp-content\/uploads\/2015\/11\/pic1388675562-1024x768.jpg 1024w, https:\/\/rothamel-online.de\/karateclub-immelborn\/wordpress\/wp-content\/uploads\/2015\/11\/pic1388675562.jpg 2048w\" sizes=\"(max-width: 477px) 100vw, 477px\" \/><\/a><\/p>\n<p style=\"text-align: justify;\"><strong>Karatetraining bringt einen gro\u00dfen Nutzen:<\/strong><br \/>\nDie beiden wichtigsten Faktoren sind die Verbesserung der physischen Kondition und die Entwicklung von Selbstverteidigungsfertigkeiten: Angriffe abwehren, und mit Gegenangriff kontern. Weitere Ziele des Karate sind, die Selbstdisziplin zu st\u00e4rken und damit auch die Selbstkontrolle, Verletzungen vorzubeugen, sowie Ausdauer, Kondition, Kraft und Beweglichkeit zu verbessern. Oberstes Ziel in der Kunst des Karate ist weder Sieg noch Niederlage, sondern die Entwicklung des Charakters der K\u00e4mpfer.<\/p>\n<p style=\"text-align: justify;\">Der K\u00e4mpfer tr\u00e4gt ein Karate-Gi, das aus einer Baumwollhose (Zubon) und Jacke (Uwagi) besteht. Gehalten wird die Jacke durch einen gef\u00e4rbten G\u00fcrtel (Obi), der die Graduierug des K\u00e4mpfers verdeutlicht. Um einen h\u00f6heren Sch\u00fcler- oder Meistergrad zu erlernen, m\u00fcssen die K\u00e4mpfer jeweils Pr\u00fcfungen ablegen.<\/p>\n","protected":false},"excerpt":{"rendered":"<p>Unser Verein wurde im Jahr 2002 mit 21 Mitgliedern auf Initiative von Besim Syla (2. Dan) gegr\u00fcndet. Heute haben wir \u00fcber 30 Mitglieder im Alter von 6 bis 54 Jahren. Ziel ist das Erlernen der hohen asiatischen Kampfkunst des Karate. &hellip; <a href=\"https:\/\/rothamel-online.de\/karateclub-immelborn\/wordpress\/\">Weiterlesen <span class=\"meta-nav\">&rarr;<\/span><\/a><\/p>\n","protected":false},"author":1,"featured_media":0,"parent":0,"menu_order":0,"comment_status":"closed","ping_status":"closed","template":"","meta":{"ngg_post_thumbnail":0,"footnotes":""},"class_list":["post-131","page","type-page","status-publish","hentry"],"_links":{"self":[{"href":"https:\/\/rothamel-online.de\/karateclub-immelborn\/wordpress\/wp-json\/wp\/v2\/pages\/131"}],"collection":[{"href":"https:\/\/rothamel-online.de\/karateclub-immelborn\/wordpress\/wp-json\/wp\/v2\/pages"}],"about":[{"href":"https:\/\/rothamel-online.de\/karateclub-immelborn\/wordpress\/wp-json\/wp\/v2\/types\/page"}],"author":[{"embeddable":true,"href":"https:\/\/rothamel-online.de\/karateclub-immelborn\/wordpress\/wp-json\/wp\/v2\/users\/1"}],"replies":[{"embeddable":true,"href":"https:\/\/rothamel-online.de\/karateclub-immelborn\/wordpress\/wp-json\/wp\/v2\/comments?post=131"}],"version-history":[{"count":3,"href":"https:\/\/rothamel-online.de\/karateclub-immelborn\/wordpress\/wp-json\/wp\/v2\/pages\/131\/revisions"}],"predecessor-version":[{"id":142,"href":"https:\/\/rothamel-online.de\/karateclub-immelborn\/wordpress\/wp-json\/wp\/v2\/pages\/131\/revisions\/142"}],"wp:attachment":[{"href":"https:\/\/rothamel-online.de\/karateclub-immelborn\/wordpress\/wp-json\/wp\/v2\/media?parent=131"}],"curies":[{"name":"wp","href":"https:\/\/api.w.org\/{rel}","templated":true}]}}